{"id":20,"date":"2024-06-06T18:04:24","date_gmt":"2024-06-06T18:04:24","guid":{"rendered":"https:\/\/brilliancestudy.com\/?page_id=20"},"modified":"2025-03-26T08:48:09","modified_gmt":"2025-03-26T08:48:09","slug":"about-brilliance","status":"publish","type":"page","link":"http:\/\/brilliancestudy.com\/es-us\/about-brilliance\/","title":{"rendered":"Acerca de BrILliance"},"content":{"rendered":"<div data-elementor-type=\"wp-page\" data-elementor-id=\"20\" class=\"elementor elementor-20\" data-elementor-post-type=\"page\">\n\t\t\t\t<div class=\"elementor-element elementor-element-a69cfa4 e-flex e-con-boxed e-con e-parent\" data-id=\"a69cfa4\" data-element_type=\"container\" data-e-type=\"container\" data-settings=\"{&quot;background_background&quot;:&quot;classic&quot;}\">\n\t\t\t\t\t<div class=\"e-con-inner\">\n\t\t<div class=\"elementor-element elementor-element-91bb1dc e-con-full e-flex e-con e-child\" data-id=\"91bb1dc\" data-element_type=\"container\" data-e-type=\"container\">\n\t\t\t\t<div class=\"elementor-element elementor-element-9447856 elementor-widget__width-initial elementor-widget elementor-widget-heading\" data-id=\"9447856\" data-element_type=\"widget\" data-e-type=\"widget\" data-widget_type=\"heading.default\">\n\t\t\t\t<div class=\"elementor-widget-container\">\n\t\t\t\t\t<h1 class=\"elementor-heading-title elementor-size-default\">\u00bfEn qu\u00e9 consiste el estudio de investigaci\u00f3n cl\u00ednica BrILliance?<\/h1>\t\t\t\t<\/div>\n\t\t\t\t<\/div>\n\t\t\t\t<\/div>\n\t\t<div class=\"elementor-element elementor-element-4b3bb2f e-con-full e-flex e-con e-child\" data-id=\"4b3bb2f\" data-element_type=\"container\" data-e-type=\"container\">\n\t\t\t\t<div class=\"elementor-element elementor-element-5e2b7f7 elementor-widget elementor-widget-image\" data-id=\"5e2b7f7\" data-element_type=\"widget\" data-e-type=\"widget\" data-widget_type=\"image.default\">\n\t\t\t\t<div class=\"elementor-widget-container\">\n\t\t\t\t\t\t\t\t\t\t\t\t\t\t\t<img fetchpriority=\"high\" decoding=\"async\" width=\"533\" height=\"446\" src=\"https:\/\/brilliancestudy.com\/wp-content\/uploads\/2025\/01\/Patient-Object-RGB-1.png\" class=\"attachment-full size-full wp-image-202\" alt=\"\" srcset=\"https:\/\/brilliancestudy.com\/wp-content\/uploads\/2025\/01\/Patient-Object-RGB-1.png 533w, https:\/\/brilliancestudy.com\/wp-content\/uploads\/2025\/01\/Patient-Object-RGB-1-300x251.png 300w, https:\/\/brilliancestudy.com\/wp-content\/uploads\/2025\/01\/Patient-Object-RGB-1-14x12.png 14w\" sizes=\"(max-width: 533px) 100vw, 533px\" \/>\t\t\t\t\t\t\t\t\t\t\t\t\t\t\t<\/div>\n\t\t\t\t<\/div>\n\t\t\t\t<\/div>\n\t\t\t\t\t<\/div>\n\t\t\t\t<\/div>\n\t\t<div class=\"elementor-element elementor-element-6165017 e-flex e-con-boxed e-con e-parent\" data-id=\"6165017\" data-element_type=\"container\" data-e-type=\"container\">\n\t\t\t\t\t<div class=\"e-con-inner\">\n\t\t<div class=\"elementor-element elementor-element-244eb6d e-con-full e-flex e-con e-child\" data-id=\"244eb6d\" data-element_type=\"container\" data-e-type=\"container\">\n\t\t\t\t<div class=\"elementor-element elementor-element-7d08de8 elementor-widget elementor-widget-text-editor\" data-id=\"7d08de8\" data-element_type=\"widget\" data-e-type=\"widget\" data-widget_type=\"text-editor.default\">\n\t\t\t\t<div class=\"elementor-widget-container\">\n\t\t\t\t\t\t\t\t\tSi tiene tumor s\u00f3lido avanzado, sepa que no est\u00e1 solo en su recorrido m\u00e9dico.\u00a0\u00a0\t\t\t\t\t\t\t\t<\/div>\n\t\t\t\t<\/div>\n\t\t\t\t<div class=\"elementor-element elementor-element-6703ff3 elementor-widget elementor-widget-text-editor\" data-id=\"6703ff3\" data-element_type=\"widget\" data-e-type=\"widget\" data-widget_type=\"text-editor.default\">\n\t\t\t\t<div class=\"elementor-widget-container\">\n\t\t\t\t\t\t\t\t\tEn este momento, estamos trabajando para desarrollar posibles tratamientos para determinados tumores s\u00f3lidos. BrILliance es un estudio de investigaci\u00f3n cl\u00ednica cuya finalidad es evaluar la seguridad y la eficacia de un medicamento del estudio en personas que tienen tumores s\u00f3lidos avanzados.\u00a0\t\t\t\t\t\t\t\t<\/div>\n\t\t\t\t<\/div>\n\t\t\t\t<\/div>\n\t\t\t\t\t<\/div>\n\t\t\t\t<\/div>\n\t\t<div class=\"elementor-element elementor-element-3e998cd e-flex e-con-boxed e-con e-parent\" data-id=\"3e998cd\" data-element_type=\"container\" data-e-type=\"container\" data-settings=\"{&quot;background_background&quot;:&quot;classic&quot;}\">\n\t\t\t\t\t<div class=\"e-con-inner\">\n\t\t<div class=\"elementor-element elementor-element-104942d e-con-full e-flex e-con e-child\" data-id=\"104942d\" data-element_type=\"container\" data-e-type=\"container\">\n\t\t\t\t<div class=\"elementor-element elementor-element-2d3edc8 elementor-widget elementor-widget-heading\" data-id=\"2d3edc8\" data-element_type=\"widget\" data-e-type=\"widget\" data-widget_type=\"heading.default\">\n\t\t\t\t<div class=\"elementor-widget-container\">\n\t\t\t\t\t<h2 class=\"elementor-heading-title elementor-size-default\">\u00bfSoy elegible?  <\/h2>\t\t\t\t<\/div>\n\t\t\t\t<\/div>\n\t\t\t\t<\/div>\n\t\t<div class=\"elementor-element elementor-element-44188ed e-con-full e-flex e-con e-child\" data-id=\"44188ed\" data-element_type=\"container\" data-e-type=\"container\">\n\t\t\t\t<div class=\"elementor-element elementor-element-4816cc2 elementor-widget elementor-widget-button\" data-id=\"4816cc2\" data-element_type=\"widget\" data-e-type=\"widget\" data-widget_type=\"button.default\">\n\t\t\t\t<div class=\"elementor-widget-container\">\n\t\t\t\t\t\t\t\t\t<div class=\"elementor-button-wrapper\">\n\t\t\t\t\t<a class=\"elementor-button elementor-button-link elementor-size-sm\" href=\"\/es-us\/am-i-eligible\/#questionnaire\">\n\t\t\t\t\t\t<span class=\"elementor-button-content-wrapper\">\n\t\t\t\t\t\t\t\t\t<span class=\"elementor-button-text\">Cuestionario<\/span>\n\t\t\t\t\t<\/span>\n\t\t\t\t\t<\/a>\n\t\t\t\t<\/div>\n\t\t\t\t\t\t\t\t<\/div>\n\t\t\t\t<\/div>\n\t\t\t\t<\/div>\n\t\t\t\t\t<\/div>\n\t\t\t\t<\/div>\n\t\t<div class=\"elementor-element elementor-element-96e2ad5 e-flex e-con-boxed e-con e-parent\" data-id=\"96e2ad5\" data-element_type=\"container\" data-e-type=\"container\">\n\t\t\t\t\t<div class=\"e-con-inner\">\n\t\t\t\t<div class=\"elementor-element elementor-element-009d970 elementor-widget elementor-widget-heading\" data-id=\"009d970\" data-element_type=\"widget\" data-e-type=\"widget\" data-widget_type=\"heading.default\">\n\t\t\t\t<div class=\"elementor-widget-container\">\n\t\t\t\t\t<h2 class=\"elementor-heading-title elementor-size-default\">\u00bfCu\u00e1l es el tratamiento del estudio?<\/h2>\t\t\t\t<\/div>\n\t\t\t\t<\/div>\n\t\t<div class=\"elementor-element elementor-element-b5db4e5 e-con-full seeking-options e-flex e-con e-child\" data-id=\"b5db4e5\" data-element_type=\"container\" data-e-type=\"container\">\n\t\t<div class=\"elementor-element elementor-element-fca7f1a e-con-full e-flex e-con e-child\" data-id=\"fca7f1a\" data-element_type=\"container\" data-e-type=\"container\">\n\t\t\t\t<div class=\"elementor-element elementor-element-cb76870 elementor-widget elementor-widget-image\" data-id=\"cb76870\" data-element_type=\"widget\" data-e-type=\"widget\" data-widget_type=\"image.default\">\n\t\t\t\t<div class=\"elementor-widget-container\">\n\t\t\t\t\t\t\t\t\t\t\t\t\t\t\t<img decoding=\"async\" width=\"105\" height=\"107\" src=\"https:\/\/brilliancestudy.com\/wp-content\/uploads\/2025\/01\/Group-24.svg\" class=\"attachment-full size-full wp-image-205\" alt=\"\" \/>\t\t\t\t\t\t\t\t\t\t\t\t\t\t\t<\/div>\n\t\t\t\t<\/div>\n\t\t\t\t<\/div>\n\t\t<div class=\"elementor-element elementor-element-c5b7f5e e-con-full e-flex e-con e-child\" data-id=\"c5b7f5e\" data-element_type=\"container\" data-e-type=\"container\">\n\t\t\t\t<div class=\"elementor-element elementor-element-d85023a elementor-widget elementor-widget-text-editor\" data-id=\"d85023a\" data-element_type=\"widget\" data-e-type=\"widget\" data-widget_type=\"text-editor.default\">\n\t\t\t\t<div class=\"elementor-widget-container\">\n\t\t\t\t\t\t\t\t\tEste tratamiento es una prote\u00edna de fusi\u00f3n anticuerpo-citocina. Los anticuerpos son producidos por el sistema inmunitario para combatir las infecciones. Los cient\u00edficos pueden producir anticuerpos en el laboratorio para el tratamiento de muchas enfermedades diferentes, incluido el c\u00e1ncer. Las citocinas son prote\u00ednas peque\u00f1as que controlan el crecimiento y la actividad de otras c\u00e9lulas del sistema inmunitario. El medicamento del estudio act\u00faa mediante el bloqueo de PD-1, un receptor en las c\u00e9lulas inmunitarias que evita que destruyan otras c\u00e9lulas, y mediante la activaci\u00f3n de IL2, una citocina que puede desencadenar respuestas inmunitarias. Se espera que el bloqueo de PD-1 y la activaci\u00f3n de c\u00e9lulas inmunitarias a trav\u00e9s de IL2 al mismo tiempo ayuden a las c\u00e9lulas inmunitarias a atacar las c\u00e9lulas cancer\u00edgenas.\u00a0\t\t\t\t\t\t\t\t<\/div>\n\t\t\t\t<\/div>\n\t\t\t\t<\/div>\n\t\t\t\t<\/div>\n\t\t\t\t<div class=\"elementor-element elementor-element-38776ad elementor-widget elementor-widget-text-editor\" data-id=\"38776ad\" data-element_type=\"widget\" data-e-type=\"widget\" data-widget_type=\"text-editor.default\">\n\t\t\t\t<div class=\"elementor-widget-container\">\n\t\t\t\t\t\t\t\t\tUna vez que el m\u00e9dico del estudio confirme que usted cumple con los requisitos, se le asignar\u00e1 a la Fase 1 o Fase 2 del estudio. No hay placebo en este estudio, lo que significa que todos los pacientes recibir\u00e1n el medicamento del estudio.\u202f\u00a0\t\t\t\t\t\t\t\t<\/div>\n\t\t\t\t<\/div>\n\t\t\t\t\t<\/div>\n\t\t\t\t<\/div>\n\t\t<div class=\"elementor-element elementor-element-5a5eba8 home-last-section e-flex e-con-boxed e-con e-parent\" data-id=\"5a5eba8\" data-element_type=\"container\" data-e-type=\"container\">\n\t\t\t\t\t<div class=\"e-con-inner\">\n\t\t<div class=\"elementor-element elementor-element-ab1b32b e-con-full e-flex e-con e-child\" data-id=\"ab1b32b\" data-element_type=\"container\" data-e-type=\"container\">\n\t\t\t\t<div class=\"elementor-element elementor-element-0d0a3e6 elementor-widget elementor-widget-heading\" data-id=\"0d0a3e6\" data-element_type=\"widget\" data-e-type=\"widget\" data-widget_type=\"heading.default\">\n\t\t\t\t<div class=\"elementor-widget-container\">\n\t\t\t\t\t<h2 class=\"elementor-heading-title elementor-size-default\">\u00bfQu\u00e9 puedo esperar si participo?<\/h2>\t\t\t\t<\/div>\n\t\t\t\t<\/div>\n\t\t\t\t<\/div>\n\t\t<div class=\"elementor-element elementor-element-d465e0f e-con-full e-flex e-con e-child\" data-id=\"d465e0f\" data-element_type=\"container\" data-e-type=\"container\">\n\t\t<div class=\"elementor-element elementor-element-ceb5265 e-con-full e-flex e-con e-child\" data-id=\"ceb5265\" data-element_type=\"container\" data-e-type=\"container\">\n\t\t\t\t<div class=\"elementor-element elementor-element-e6bd7f2 elementor-widget elementor-widget-image\" data-id=\"e6bd7f2\" data-element_type=\"widget\" data-e-type=\"widget\" data-widget_type=\"image.default\">\n\t\t\t\t<div class=\"elementor-widget-container\">\n\t\t\t\t\t\t\t\t\t\t\t\t\t\t\t<img decoding=\"async\" width=\"101\" height=\"107\" src=\"https:\/\/brilliancestudy.com\/wp-content\/uploads\/2025\/03\/thank-you.png\" class=\"attachment-full size-full wp-image-248\" alt=\"\" srcset=\"https:\/\/brilliancestudy.com\/wp-content\/uploads\/2025\/03\/thank-you.png 101w, https:\/\/brilliancestudy.com\/wp-content\/uploads\/2025\/03\/thank-you-11x12.png 11w\" sizes=\"(max-width: 101px) 100vw, 101px\" \/>\t\t\t\t\t\t\t\t\t\t\t\t\t\t\t<\/div>\n\t\t\t\t<\/div>\n\t\t\t\t<div class=\"elementor-element elementor-element-dcdaec6 elementor-widget__width-initial elementor-widget elementor-widget-text-editor\" data-id=\"dcdaec6\" data-element_type=\"widget\" data-e-type=\"widget\" data-widget_type=\"text-editor.default\">\n\t\t\t\t<div class=\"elementor-widget-container\">\n\t\t\t\t\t\t\t\t\tLa participaci\u00f3n en el estudio es 100% voluntaria\t\t\t\t\t\t\t\t<\/div>\n\t\t\t\t<\/div>\n\t\t\t\t<\/div>\n\t\t<div class=\"elementor-element elementor-element-5ef66a9 e-con-full e-flex e-con e-child\" data-id=\"5ef66a9\" data-element_type=\"container\" data-e-type=\"container\">\n\t\t\t\t<div class=\"elementor-element elementor-element-50a3877 elementor-widget elementor-widget-text-editor\" data-id=\"50a3877\" data-element_type=\"widget\" data-e-type=\"widget\" data-widget_type=\"text-editor.default\">\n\t\t\t\t<div class=\"elementor-widget-container\">\n\t\t\t\t\t\t\t\t\tLa participaci\u00f3n en el estudio es 100% voluntaria (su elecci\u00f3n). Recibir\u00e1 informaci\u00f3n sobre qu\u00e9 puede esperar, as\u00ed como sobre sus funciones y responsabilidades si participa en el estudio BrILliance. Podr\u00e1 abandonar el estudio en cualquier momento sin que esto afecte a su atenci\u00f3n m\u00e9dica habitual.\u00a0\t\t\t\t\t\t\t\t<\/div>\n\t\t\t\t<\/div>\n\t\t\t\t<div class=\"elementor-element elementor-element-aac50ea elementor-widget elementor-widget-text-editor\" data-id=\"aac50ea\" data-element_type=\"widget\" data-e-type=\"widget\" data-widget_type=\"text-editor.default\">\n\t\t\t\t<div class=\"elementor-widget-container\">\n\t\t\t\t\t\t\t\t\tSi participa en el estudio, se esperar\u00e1 que realice determinadas acciones. Esto incluye asistir a las visitas del estudio y someterse a determinadas evaluaciones y procedimientos, como biopsias, im\u00e1genes por resonancia magn\u00e9tica o TC y toma de im\u00e1genes del coraz\u00f3n. La duraci\u00f3n de su tratamiento y cantidad de visitas del estudio depender\u00e1 de su respuesta al medicamento del estudio.\u202f\u202f\u00a0\t\t\t\t\t\t\t\t<\/div>\n\t\t\t\t<\/div>\n\t\t\t\t<div class=\"elementor-element elementor-element-9524021 elementor-widget elementor-widget-text-editor\" data-id=\"9524021\" data-element_type=\"widget\" data-e-type=\"widget\" data-widget_type=\"text-editor.default\">\n\t\t\t\t<div class=\"elementor-widget-container\">\n\t\t\t\t\t\t\t\t\tLos costos de viaje razonables (como combustible y boletos de autob\u00fas\/tren) y los costos de comida se le reembolsar\u00e1n. El equipo del estudio analizar\u00e1 todo esto con usted.\u00a0\t\t\t\t\t\t\t\t<\/div>\n\t\t\t\t<\/div>\n\t\t\t\t<\/div>\n\t\t\t\t<\/div>\n\t\t\t\t\t<\/div>\n\t\t\t\t<\/div>\n\t\t<div class=\"elementor-element elementor-element-577fea5 e-flex e-con-boxed e-con e-parent\" data-id=\"577fea5\" data-element_type=\"container\" data-e-type=\"container\" data-settings=\"{&quot;background_background&quot;:&quot;classic&quot;}\">\n\t\t\t\t\t<div class=\"e-con-inner\">\n\t\t<div class=\"elementor-element elementor-element-8ccc52c e-flex e-con-boxed e-con e-child\" data-id=\"8ccc52c\" data-element_type=\"container\" data-e-type=\"container\">\n\t\t\t\t\t<div class=\"e-con-inner\">\n\t\t\t\t<div class=\"elementor-element elementor-element-e15a6a8 elementor-widget elementor-widget-heading\" data-id=\"e15a6a8\" data-element_type=\"widget\" data-e-type=\"widget\" data-widget_type=\"heading.default\">\n\t\t\t\t<div class=\"elementor-widget-container\">\n\t\t\t\t\t<h2 class=\"elementor-heading-title elementor-size-default\">\u00bfC\u00f3mo puedo participar?<\/h2>\t\t\t\t<\/div>\n\t\t\t\t<\/div>\n\t\t\t\t<div class=\"elementor-element elementor-element-8a3c97f elementor-widget__width-initial elementor-widget-mobile__width-inherit elementor-widget elementor-widget-text-editor\" data-id=\"8a3c97f\" data-element_type=\"widget\" data-e-type=\"widget\" data-widget_type=\"text-editor.default\">\n\t\t\t\t<div class=\"elementor-widget-container\">\n\t\t\t\t\t\t\t\t\tSi desea formar parte del estudio BrILliance, puede completar un breve cuestionario de preselecci\u00f3n para ver si es elegible.\t\t\t\t\t\t\t\t<\/div>\n\t\t\t\t<\/div>\n\t\t\t\t\t<\/div>\n\t\t\t\t<\/div>\n\t\t<div class=\"elementor-element elementor-element-15b2434 e-flex e-con-boxed e-con e-child\" data-id=\"15b2434\" data-element_type=\"container\" data-e-type=\"container\">\n\t\t\t\t\t<div class=\"e-con-inner\">\n\t\t<div class=\"elementor-element elementor-element-b611c8b e-flex e-con-boxed e-con e-child\" data-id=\"b611c8b\" data-element_type=\"container\" data-e-type=\"container\">\n\t\t\t\t\t<div class=\"e-con-inner\">\n\t\t\t\t<div class=\"elementor-element elementor-element-22c8f0a elementor-widget elementor-widget-heading\" data-id=\"22c8f0a\" data-element_type=\"widget\" data-e-type=\"widget\" data-widget_type=\"heading.default\">\n\t\t\t\t<div class=\"elementor-widget-container\">\n\t\t\t\t\t<h4 class=\"elementor-heading-title elementor-size-default\">\u00bfSoy elegible? <\/h4>\t\t\t\t<\/div>\n\t\t\t\t<\/div>\n\t\t\t\t\t<\/div>\n\t\t\t\t<\/div>\n\t\t<div class=\"elementor-element elementor-element-894ba60 e-flex e-con-boxed e-con e-child\" data-id=\"894ba60\" data-element_type=\"container\" data-e-type=\"container\">\n\t\t\t\t\t<div class=\"e-con-inner\">\n\t\t\t\t<div class=\"elementor-element elementor-element-1650774 elementor-widget elementor-widget-button\" data-id=\"1650774\" data-element_type=\"widget\" data-e-type=\"widget\" data-widget_type=\"button.default\">\n\t\t\t\t<div class=\"elementor-widget-container\">\n\t\t\t\t\t\t\t\t\t<div class=\"elementor-button-wrapper\">\n\t\t\t\t\t<a class=\"elementor-button elementor-button-link elementor-size-sm\" href=\"\/es-us\/am-i-eligible\/#questionnaire\">\n\t\t\t\t\t\t<span class=\"elementor-button-content-wrapper\">\n\t\t\t\t\t\t\t\t\t<span class=\"elementor-button-text\">Cuestionario<\/span>\n\t\t\t\t\t<\/span>\n\t\t\t\t\t<\/a>\n\t\t\t\t<\/div>\n\t\t\t\t\t\t\t\t<\/div>\n\t\t\t\t<\/div>\n\t\t\t\t\t<\/div>\n\t\t\t\t<\/div>\n\t\t\t\t\t<\/div>\n\t\t\t\t<\/div>\n\t\t\t\t\t<\/div>\n\t\t\t\t<\/div>\n\t\t<div class=\"elementor-element elementor-element-145b1b1 what-else-bg e-flex e-con-boxed e-con e-parent\" data-id=\"145b1b1\" data-element_type=\"container\" data-e-type=\"container\">\n\t\t\t\t\t<div class=\"e-con-inner\">\n\t\t<div class=\"elementor-element elementor-element-1d61148 e-flex e-con-boxed e-con e-child\" data-id=\"1d61148\" data-element_type=\"container\" data-e-type=\"container\">\n\t\t\t\t\t<div class=\"e-con-inner\">\n\t\t\t\t<div class=\"elementor-element elementor-element-d09f355 elementor-widget elementor-widget-heading\" data-id=\"d09f355\" data-element_type=\"widget\" data-e-type=\"widget\" data-widget_type=\"heading.default\">\n\t\t\t\t<div class=\"elementor-widget-container\">\n\t\t\t\t\t<h2 class=\"elementor-heading-title elementor-size-default\">\u00bfQu\u00e9 m\u00e1s debo saber?<\/h2>\t\t\t\t<\/div>\n\t\t\t\t<\/div>\n\t\t\t\t<div class=\"elementor-element elementor-element-2473420 elementor-widget elementor-widget-text-editor\" data-id=\"2473420\" data-element_type=\"widget\" data-e-type=\"widget\" data-widget_type=\"text-editor.default\">\n\t\t\t\t<div class=\"elementor-widget-container\">\n\t\t\t\t\t\t\t\t\tEste estudio utilizar\u00e1 un medicamento en fase de investigaci\u00f3n, R10597, cuya seguridad y eficacia no han sido completamente evaluadas por las autoridades regulatorias; por lo tanto, siguen existiendo riesgos asociados con su administraci\u00f3n. Si califica y decide participar, se le proporcionar\u00e1 un Formulario de Consentimiento Informado que explica los posibles riesgos y efectos secundarios. Adem\u00e1s, el medicamento del estudio podr\u00eda tener efectos que se desconocen. Su salud y seguridad son nuestras principales prioridades y ser\u00e1n monitoreadas rigurosamente durante su participaci\u00f3n.\t\t\t\t\t\t\t\t<\/div>\n\t\t\t\t<\/div>\n\t\t\t\t<div class=\"elementor-element elementor-element-de8acf9 elementor-widget elementor-widget-text-editor\" data-id=\"de8acf9\" data-element_type=\"widget\" data-e-type=\"widget\" data-widget_type=\"text-editor.default\">\n\t\t\t\t<div class=\"elementor-widget-container\">\n\t\t\t\t\t\t\t\t\tPodr\u00eda beneficiarse de los controles adicionales a su atenci\u00f3n habitual y tener acceso a especialistas en c\u00e1ncer. No podemos garantizarle que recibir\u00e1 un beneficio m\u00e9dico por participar en este estudio. Su afecci\u00f3n puede mejorar, seguir igual o incluso empeorar. Puede retirarse del estudio por cualquier motivo y en cualquier momento.\u00a0\t\t\t\t\t\t\t\t<\/div>\n\t\t\t\t<\/div>\n\t\t\t\t\t<\/div>\n\t\t\t\t<\/div>\n\t\t<div class=\"elementor-element elementor-element-5220c1f e-flex e-con-boxed e-con e-child\" data-id=\"5220c1f\" data-element_type=\"container\" data-e-type=\"container\">\n\t\t\t\t\t<div class=\"e-con-inner\">\n\t\t\t\t<div class=\"elementor-element elementor-element-ea28499 elementor-widget elementor-widget-image\" data-id=\"ea28499\" data-element_type=\"widget\" data-e-type=\"widget\" data-widget_type=\"image.default\">\n\t\t\t\t<div class=\"elementor-widget-container\">\n\t\t\t\t\t\t\t\t\t\t\t\t\t\t\t<img loading=\"lazy\" decoding=\"async\" width=\"657\" height=\"567\" src=\"https:\/\/brilliancestudy.com\/wp-content\/uploads\/2025\/01\/Object-RGB_06-1.png\" class=\"attachment-full size-full wp-image-203\" alt=\"\" srcset=\"https:\/\/brilliancestudy.com\/wp-content\/uploads\/2025\/01\/Object-RGB_06-1.png 657w, https:\/\/brilliancestudy.com\/wp-content\/uploads\/2025\/01\/Object-RGB_06-1-300x259.png 300w, https:\/\/brilliancestudy.com\/wp-content\/uploads\/2025\/01\/Object-RGB_06-1-14x12.png 14w\" sizes=\"(max-width: 657px) 100vw, 657px\" \/>\t\t\t\t\t\t\t\t\t\t\t\t\t\t\t<\/div>\n\t\t\t\t<\/div>\n\t\t\t\t\t<\/div>\n\t\t\t\t<\/div>\n\t\t\t\t\t<\/div>\n\t\t\t\t<\/div>\n\t\t\t\t<\/div>","protected":false},"excerpt":{"rendered":"<p>WHAT IS THE BrILliance CLINICAL RESEARCH STUDY? If you have an advanced solid tumor, please know that you are not alone in your medical journey.\u00a0\u00a0Currently, we are working on developing potential treatments for certain solid tumors. BrILliance is a clinical research study that aims to assess the safety, tolerability, and efficacy of a study drug [&hellip;]<\/p>\n","protected":false},"author":2,"featured_media":0,"parent":0,"menu_order":0,"comment_status":"closed","ping_status":"closed","template":"","meta":{"footnotes":""},"class_list":["post-20","page","type-page","status-publish","hentry"],"_links":{"self":[{"href":"http:\/\/brilliancestudy.com\/es-us\/wp-json\/wp\/v2\/pages\/20","targetHints":{"allow":["GET"]}}],"collection":[{"href":"http:\/\/brilliancestudy.com\/es-us\/wp-json\/wp\/v2\/pages"}],"about":[{"href":"http:\/\/brilliancestudy.com\/es-us\/wp-json\/wp\/v2\/types\/page"}],"author":[{"embeddable":true,"href":"http:\/\/brilliancestudy.com\/es-us\/wp-json\/wp\/v2\/users\/2"}],"replies":[{"embeddable":true,"href":"http:\/\/brilliancestudy.com\/es-us\/wp-json\/wp\/v2\/comments?post=20"}],"version-history":[{"count":0,"href":"http:\/\/brilliancestudy.com\/es-us\/wp-json\/wp\/v2\/pages\/20\/revisions"}],"wp:attachment":[{"href":"http:\/\/brilliancestudy.com\/es-us\/wp-json\/wp\/v2\/media?parent=20"}],"curies":[{"name":"wp","href":"https:\/\/api.w.org\/{rel}","templated":true}]}}