{"id":21,"date":"2024-06-06T18:04:42","date_gmt":"2024-06-06T18:04:42","guid":{"rendered":"https:\/\/brilliancestudy.com\/?page_id=21"},"modified":"2025-04-02T14:33:24","modified_gmt":"2025-04-02T14:33:24","slug":"am-i-eligible","status":"publish","type":"page","link":"http:\/\/brilliancestudy.com\/es-us\/am-i-eligible\/","title":{"rendered":"\u00bfSoy elegible?"},"content":{"rendered":"<div data-elementor-type=\"wp-page\" data-elementor-id=\"21\" class=\"elementor elementor-21\" data-elementor-post-type=\"page\">\n\t\t\t\t<div class=\"elementor-element elementor-element-9382481 e-flex e-con-boxed e-con e-parent\" data-id=\"9382481\" data-element_type=\"container\" data-e-type=\"container\" data-settings=\"{&quot;background_background&quot;:&quot;classic&quot;}\">\n\t\t\t\t\t<div class=\"e-con-inner\">\n\t\t<div class=\"elementor-element elementor-element-ae4ce38 e-flex e-con-boxed e-con e-child\" data-id=\"ae4ce38\" data-element_type=\"container\" data-e-type=\"container\">\n\t\t\t\t\t<div class=\"e-con-inner\">\n\t\t\t\t<div class=\"elementor-element elementor-element-c3e8c5b elementor-widget elementor-widget-heading\" data-id=\"c3e8c5b\" data-element_type=\"widget\" data-e-type=\"widget\" data-widget_type=\"heading.default\">\n\t\t\t\t<div class=\"elementor-widget-container\">\n\t\t\t\t\t<h1 class=\"elementor-heading-title elementor-size-default\">\u00bfSoy elegible?<\/h1>\t\t\t\t<\/div>\n\t\t\t\t<\/div>\n\t\t\t\t\t<\/div>\n\t\t\t\t<\/div>\n\t\t<div class=\"elementor-element elementor-element-290aac1 e-flex e-con-boxed e-con e-child\" data-id=\"290aac1\" data-element_type=\"container\" data-e-type=\"container\">\n\t\t\t\t\t<div class=\"e-con-inner\">\n\t\t\t\t<div class=\"elementor-element elementor-element-dd608d4 elementor-widget elementor-widget-image\" data-id=\"dd608d4\" data-element_type=\"widget\" data-e-type=\"widget\" data-widget_type=\"image.default\">\n\t\t\t\t<div class=\"elementor-widget-container\">\n\t\t\t\t\t\t\t\t\t\t\t\t\t\t\t<img fetchpriority=\"high\" decoding=\"async\" width=\"603\" height=\"523\" src=\"https:\/\/brilliancestudy.com\/wp-content\/uploads\/2025\/01\/Object-RGB_01-1.png\" class=\"attachment-full size-full wp-image-209\" alt=\"\" srcset=\"https:\/\/brilliancestudy.com\/wp-content\/uploads\/2025\/01\/Object-RGB_01-1.png 603w, https:\/\/brilliancestudy.com\/wp-content\/uploads\/2025\/01\/Object-RGB_01-1-300x260.png 300w, https:\/\/brilliancestudy.com\/wp-content\/uploads\/2025\/01\/Object-RGB_01-1-14x12.png 14w\" sizes=\"(max-width: 603px) 100vw, 603px\" \/>\t\t\t\t\t\t\t\t\t\t\t\t\t\t\t<\/div>\n\t\t\t\t<\/div>\n\t\t\t\t\t<\/div>\n\t\t\t\t<\/div>\n\t\t\t\t\t<\/div>\n\t\t\t\t<\/div>\n\t\t<div class=\"elementor-element elementor-element-29b7655 e-flex e-con-boxed e-con e-parent\" data-id=\"29b7655\" data-element_type=\"container\" data-e-type=\"container\">\n\t\t\t\t\t<div class=\"e-con-inner\">\n\t\t<div class=\"elementor-element elementor-element-f439570 e-con-full e-flex e-con e-child\" data-id=\"f439570\" data-element_type=\"container\" data-e-type=\"container\">\n\t\t\t\t<div class=\"elementor-element elementor-element-b6470fe elementor-widget elementor-widget-text-editor\" data-id=\"b6470fe\" data-element_type=\"widget\" data-e-type=\"widget\" data-widget_type=\"text-editor.default\">\n\t\t\t\t<div class=\"elementor-widget-container\">\n\t\t\t\t\t\t\t\t\tSi desea formar parte del estudio de investigaci\u00f3n cl\u00ednica BrILliance, complete el siguiente cuestionario de preselecci\u00f3n para ver si es elegible.\u00a0\t\t\t\t\t\t\t\t<\/div>\n\t\t\t\t<\/div>\n\t\t\t\t<\/div>\n\t\t<div class=\"elementor-element elementor-element-3b0712d e-con-full e-flex e-con e-child\" data-id=\"3b0712d\" data-element_type=\"container\" data-e-type=\"container\">\n\t\t\t\t<div class=\"elementor-element elementor-element-00d51ff elementor-widget elementor-widget-text-editor\" data-id=\"00d51ff\" data-element_type=\"widget\" data-e-type=\"widget\" data-widget_type=\"text-editor.default\">\n\t\t\t\t<div class=\"elementor-widget-container\">\n\t\t\t\t\t\t\t\t\tEs posible que sea elegible si cumple con las siguientes condiciones:\u00a0\t\t\t\t\t\t\t\t<\/div>\n\t\t\t\t<\/div>\n\t\t<div class=\"elementor-element elementor-element-f3887b8 e-con-full e-flex e-con e-child\" data-id=\"f3887b8\" data-element_type=\"container\" data-e-type=\"container\">\n\t\t<div class=\"elementor-element elementor-element-aaf7b09 e-con-full e-flex e-con e-child\" data-id=\"aaf7b09\" data-element_type=\"container\" data-e-type=\"container\">\n\t\t\t\t<div class=\"elementor-element elementor-element-822898e elementor-widget elementor-widget-image\" data-id=\"822898e\" data-element_type=\"widget\" data-e-type=\"widget\" data-widget_type=\"image.default\">\n\t\t\t\t<div class=\"elementor-widget-container\">\n\t\t\t\t\t\t\t\t\t\t\t\t\t\t\t<img decoding=\"async\" width=\"76\" height=\"73\" src=\"https:\/\/brilliancestudy.com\/wp-content\/uploads\/2025\/01\/Group-10-1.svg\" class=\"attachment-full size-full wp-image-214\" alt=\"\" \/>\t\t\t\t\t\t\t\t\t\t\t\t\t\t\t<\/div>\n\t\t\t\t<\/div>\n\t\t\t\t<\/div>\n\t\t<div class=\"elementor-element elementor-element-996fb0a e-con-full e-flex e-con e-child\" data-id=\"996fb0a\" data-element_type=\"container\" data-e-type=\"container\">\n\t\t\t\t<div class=\"elementor-element elementor-element-c8061c7 elementor-icon-list--layout-traditional elementor-list-item-link-full_width elementor-widget elementor-widget-icon-list\" data-id=\"c8061c7\" data-element_type=\"widget\" data-e-type=\"widget\" data-widget_type=\"icon-list.default\">\n\t\t\t\t<div class=\"elementor-widget-container\">\n\t\t\t\t\t\t\t<ul class=\"elementor-icon-list-items\">\n\t\t\t\t\t\t\t<li class=\"elementor-icon-list-item\">\n\t\t\t\t\t\t\t\t\t\t\t<span class=\"elementor-icon-list-icon\">\n\t\t\t\t\t\t\t<svg aria-hidden=\"true\" class=\"e-font-icon-svg e-fas-circle\" viewbox=\"0 0 512 512\" xmlns=\"http:\/\/www.w3.org\/2000\/svg\"><path d=\"M256 8C119 8 8 119 8 256s111 248 248 248 248-111 248-248S393 8 256 8z\"><\/path><\/svg>\t\t\t\t\t\t<\/span>\n\t\t\t\t\t\t\t\t\t\t<span class=\"elementor-icon-list-text\">Tiene 18\u202fa\u00f1os o m\u00e1s\u202f\u00a0<\/span>\n\t\t\t\t\t\t\t\t\t<\/li>\n\t\t\t\t\t\t\t\t<li class=\"elementor-icon-list-item\">\n\t\t\t\t\t\t\t\t\t\t\t<span class=\"elementor-icon-list-icon\">\n\t\t\t\t\t\t\t<svg aria-hidden=\"true\" class=\"e-font-icon-svg e-fas-circle\" viewbox=\"0 0 512 512\" xmlns=\"http:\/\/www.w3.org\/2000\/svg\"><path d=\"M256 8C119 8 8 119 8 256s111 248 248 248 248-111 248-248S393 8 256 8z\"><\/path><\/svg>\t\t\t\t\t\t<\/span>\n\t\t\t\t\t\t\t\t\t\t<span class=\"elementor-icon-list-text\">Puede proporcionar una muestra antigua del tumor o una muestra de biopsia reciente\u202f(muestra de biopsia reciente requerida para la expansi\u00f3n de la dosis de la Fase\u202f2)<\/span>\n\t\t\t\t\t\t\t\t\t<\/li>\n\t\t\t\t\t\t\t\t<li class=\"elementor-icon-list-item\">\n\t\t\t\t\t\t\t\t\t\t\t<span class=\"elementor-icon-list-icon\">\n\t\t\t\t\t\t\t<svg aria-hidden=\"true\" class=\"e-font-icon-svg e-fas-circle\" viewbox=\"0 0 512 512\" xmlns=\"http:\/\/www.w3.org\/2000\/svg\"><path d=\"M256 8C119 8 8 119 8 256s111 248 248 248 248-111 248-248S393 8 256 8z\"><\/path><\/svg>\t\t\t\t\t\t<\/span>\n\t\t\t\t\t\t\t\t\t\t<span class=\"elementor-icon-list-text\">Est\u00e1 dispuesto y es capaz de cumplir con las visitas a la cl\u00ednica y los procedimientos relacionados con el estudio\u202f\u00a0<\/span>\n\t\t\t\t\t\t\t\t\t<\/li>\n\t\t\t\t\t\t<\/ul>\n\t\t\t\t\t\t<\/div>\n\t\t\t\t<\/div>\n\t\t\t\t<\/div>\n\t\t\t\t<\/div>\n\t\t\t\t<\/div>\n\t\t<div class=\"elementor-element elementor-element-20f35f9 e-con-full e-flex e-con e-child\" data-id=\"20f35f9\" data-element_type=\"container\" data-e-type=\"container\">\n\t\t\t\t<div class=\"elementor-element elementor-element-c7cd2e8 elementor-widget elementor-widget-text-editor\" data-id=\"c7cd2e8\" data-element_type=\"widget\" data-e-type=\"widget\" data-widget_type=\"text-editor.default\">\n\t\t\t\t<div class=\"elementor-widget-container\">\n\t\t\t\t\t\t\t\t\tHay otros requisitos para participar. Se le har\u00e1 un control m\u00e9dico completo para determinar si puede participar en este estudio. Si tiene otras preguntas, puede compartir este sitio web con su m\u00e9dico para analizar este estudio.\u00a0\t\t\t\t\t\t\t\t<\/div>\n\t\t\t\t<\/div>\n\t\t\t\t<\/div>\n\t\t\t\t\t<\/div>\n\t\t\t\t<\/div>\n\t\t<div class=\"elementor-element elementor-element-72ce91c3 home-last-section e-flex e-con-boxed e-con e-parent\" data-id=\"72ce91c3\" data-element_type=\"container\" data-e-type=\"container\" id=\"questionnaire\" data-settings=\"{&quot;background_background&quot;:&quot;classic&quot;}\">\n\t\t\t\t\t<div class=\"e-con-inner\">\n\t\t<div class=\"elementor-element elementor-element-37a587d4 e-flex e-con-boxed e-con e-child\" data-id=\"37a587d4\" data-element_type=\"container\" data-e-type=\"container\">\n\t\t\t\t\t<div class=\"e-con-inner\">\n\t\t\t\t<div class=\"elementor-element elementor-element-51152ba7 elementor-widget elementor-widget-heading\" data-id=\"51152ba7\" data-element_type=\"widget\" data-e-type=\"widget\" data-widget_type=\"heading.default\">\n\t\t\t\t<div class=\"elementor-widget-container\">\n\t\t\t\t\t<h2 class=\"elementor-heading-title elementor-size-default\">Cuestionario de preselecci\u00f3n<\/h2>\t\t\t\t<\/div>\n\t\t\t\t<\/div>\n\t\t\t\t<div class=\"elementor-element elementor-element-539362be elementor-widget elementor-widget-text-editor\" data-id=\"539362be\" data-element_type=\"widget\" data-e-type=\"widget\" data-widget_type=\"text-editor.default\">\n\t\t\t\t<div class=\"elementor-widget-container\">\n\t\t\t\t\t\t\t\t\t<p>Puede saber si cumple con algunos de los requisitos completando el siguiente cuestionario de preselecci\u00f3n. Solo responda \u201cs\u00ed\u201d o \u201cno\u201d a cada pregunta y, luego, haga clic en el bot\u00f3n \u201cEnviar\u201d. <strong>Este cuestionario es totalmente an\u00f3nimo: no se guarda su informaci\u00f3n personal.<\/strong><\/p>\t\t\t\t\t\t\t\t<\/div>\n\t\t\t\t<\/div>\n\t\t\t\t<div class=\"elementor-element elementor-element-55c14eac elementor-widget elementor-widget-text-editor\" data-id=\"55c14eac\" data-element_type=\"widget\" data-e-type=\"widget\" data-widget_type=\"text-editor.default\">\n\t\t\t\t<div class=\"elementor-widget-container\">\n\t\t\t\t\t\t\t\t\tEste cuestionario no incluye todos los requisitos que debe cumplir para participar. Si es elegible para este estudio, cuando visite el centro del estudio por primera vez recibir\u00e1 tambi\u00e9n una copia del formulario de consentimiento informado, donde encontrar\u00e1 m\u00e1s informaci\u00f3n.\t\t\t\t\t\t\t\t<\/div>\n\t\t\t\t<\/div>\n\t\t\t\t\t<\/div>\n\t\t\t\t<\/div>\n\t\t\t\t<div class=\"elementor-element elementor-element-2a7fa451 elementor-icon-list--layout-traditional elementor-list-item-link-full_width elementor-widget elementor-widget-icon-list\" data-id=\"2a7fa451\" data-element_type=\"widget\" data-e-type=\"widget\" data-widget_type=\"icon-list.default\">\n\t\t\t\t<div class=\"elementor-widget-container\">\n\t\t\t\t\t\t\t<ul class=\"elementor-icon-list-items\">\n\t\t\t\t\t\t\t<li class=\"elementor-icon-list-item\">\n\t\t\t\t\t\t\t\t\t\t<span class=\"elementor-icon-list-text\">Haga clic en la respuesta que se ajuste mejor a su caso.<\/span>\n\t\t\t\t\t\t\t\t\t<\/li>\n\t\t\t\t\t\t<\/ul>\n\t\t\t\t\t\t<\/div>\n\t\t\t\t<\/div>\n\t\t<div class=\"elementor-element elementor-element-596fd964 e-flex e-con-boxed e-con e-child\" data-id=\"596fd964\" data-element_type=\"container\" data-e-type=\"container\">\n\t\t\t\t\t<div class=\"e-con-inner\">\n\t\t\t\t<div class=\"elementor-element elementor-element-4b9e7083 elementor-widget elementor-widget-html\" data-id=\"4b9e7083\" data-element_type=\"widget\" data-e-type=\"widget\" data-widget_type=\"html.default\">\n\t\t\t\t<div class=\"elementor-widget-container\">\n\t\t\t\t\t  <form id=\"preScreener\" action=\"\">\r\n        <div class=\"form-row\">\r\n          <label class=\"form-label\">\u00bfTiene 18\u202fa\u00f1os o m\u00e1s?<\/label>\r\n          <div class=\"radio-btns\">\r\n          <label class=\"form-radio\">\r\n          <input type=\"radio\" name=\"fieldGroup1\" value=\"yes\" class='yes-radio radioBtn' required> <span class=\"checkmark\"><\/span>\r\n          <span class='label-text'>S\u00ed<\/span><\/label>\r\n          <label class=\"form-radio\">\r\n          <input type=\"radio\" name=\"fieldGroup1\" value=\"no\" class=\"radioBtn\" required>  <span class=\"checkmark\"><\/span>\r\n          <span class='label-text'>No<\/span><\/label><\/div>\r\n        <\/div>\r\n        \r\n        <div class=\"form-row\">\r\n          <label class=\"form-label\">\u00bfPuede proporcionar una muestra antigua del tumor o una muestra de biopsia reciente (se requiere una muestra de biopsia reciente para la expansi\u00f3n de la dosis de la Fase\u202f2)?<\/label>\r\n          <div class=\"radio-btns\">\r\n          <label class=\"form-radio\">\r\n          <input type=\"radio\" name=\"fieldGroup2\" value=\"yes\" class='yes-radio radioBtn' required>  <span class=\"checkmark\"><\/span>\r\n          <span class='label-text'>S\u00ed<\/span><\/label>\r\n          <label class=\"form-radio\">\r\n          <input type=\"radio\" name=\"fieldGroup2\" value=\"no\" class=\"radioBtn\" required>  <span class=\"checkmark\"><\/span>\r\n          <span class='label-text'>No<\/span><\/label><\/div>\r\n        <\/div>\r\n        \r\n        <div class=\"form-row\">\r\n          <label class=\"form-label\">\u00bfEst\u00e1 dispuesto a cumplir con las visitas a la cl\u00ednica y los procedimientos relacionados con el estudio?<\/label>\r\n          <div class=\"radio-btns\">\r\n          <label class=\"form-radio\">\r\n          <input type=\"radio\" name=\"fieldGroup3\" value=\"yes\" class='yes-radio radioBtn' required>  <span class=\"checkmark\"><\/span>\r\n          <span class='label-text'>S\u00ed<\/span><\/label>\r\n          <label class=\"form-radio\">\r\n          <input type=\"radio\" name=\"fieldGroup3\" value=\"no\" class=\"radioBtn\" required>  <span class=\"checkmark\"><\/span>\r\n          <span class='label-text'>No<\/span><\/label><\/div>\r\n        <\/div>\r\n        \r\n        <div class=\"form-row\">\r\n          <label class=\"form-label\">\u00bfHa participado en un estudio para otro tratamiento en el plazo de 4\u202fsemanas de recibir el primer tratamiento en este estudio?\r\n          <\/label>\r\n           <div class=\"radio-btns\">\r\n          <label class=\"form-radio\">\r\n          <input type=\"radio\" name=\"fieldGroup4\" value=\"yes\" class=\"radioBtn\" required>  <span class=\"checkmark\"><\/span>\r\n          <span class='label-text'>S\u00ed<\/span><\/label>\r\n          <label class=\"form-radio\">\r\n          <input type=\"radio\" name=\"fieldGroup4\" value=\"no\" class=\"no-radio radioBtn\" required>  <span class=\"checkmark\"><\/span>\r\n          <span class='label-text'>No<\/span><\/label><\/div>\r\n        <\/div>\r\n        \r\n        <div class=\"form-row\">\r\n          <label class=\"form-label\">\u00bfEst\u00e1 embarazada, en periodo de lactancia o planea estarlo?<\/label>\r\n           <div class=\"radio-btns\">\r\n          <label class=\"form-radio\">\r\n          <input type=\"radio\" name=\"fieldGroup5\" value=\"yes\" class=\"radioBtn\" required>  <span class=\"checkmark\"><\/span>\r\n          <span class='label-text'>S\u00ed<\/span><\/label>\r\n          <label class=\"form-radio\">\r\n          <input type=\"radio\" name=\"fieldGroup5\" value=\"no\" class=\"radioBtn no-radio\" required>  <span class=\"checkmark\"><\/span>\r\n          <span class='label-text'>No<\/span><\/label><\/div>\r\n        <\/div>\r\n\r\n        <div class=\"form-row\">\r\n            <label class=\"form-label\">\u00bfSe ha sometido a inmunoterapia en el plazo de 2\u202fmeses de recibir el primer tratamiento en este estudio?<\/label>\r\n             <div class=\"radio-btns\">\r\n            <label class=\"form-radio\">\r\n            <input type=\"radio\" name=\"fieldGroup6\" value=\"yes\" class=\"radioBtn\" required>  <span class=\"checkmark\"><\/span>\r\n            <span class='label-text'>S\u00ed<\/span><\/label>\r\n            <label class=\"form-radio\">\r\n            <input type=\"radio\" name=\"fieldGroup6\" value=\"no\" class=\"radioBtn no-radio\" required>  <span class=\"checkmark\"><\/span>\r\n            <span class='label-text'>No<\/span><\/label><\/div>\r\n          <\/div>\r\n          \r\n       <span id=\"preError\" style=\"display: none;\">Please answer all questions!<\/span>\r\n        <div class=\"preeScreenerBtn\">\r\n          <input type=\"submit\" value=\"Enviar\" id='btn'>\r\n        <\/div>\r\n      <input type=\"hidden\" name=\"trp-form-language\" value=\"es-us\"\/><\/form>\t\t\t\t<\/div>\n\t\t\t\t<\/div>\n\t\t\t\t\t<\/div>\n\t\t\t\t<\/div>\n\t\t\t\t\t<\/div>\n\t\t\t\t<\/div>\n\t\t<div class=\"elementor-element elementor-element-e48623d e-flex e-con-boxed e-con e-parent\" data-id=\"e48623d\" data-element_type=\"container\" data-e-type=\"container\" id=\"sitefinder\">\n\t\t\t\t\t<div class=\"e-con-inner\">\n\t\t<div class=\"elementor-element elementor-element-b285936 e-flex e-con-boxed e-con e-child\" data-id=\"b285936\" data-element_type=\"container\" data-e-type=\"container\">\n\t\t\t\t\t<div class=\"e-con-inner\">\n\t\t\t\t<div class=\"elementor-element elementor-element-d157d0c elementor-widget elementor-widget-heading\" data-id=\"d157d0c\" data-element_type=\"widget\" data-e-type=\"widget\" data-widget_type=\"heading.default\">\n\t\t\t\t<div class=\"elementor-widget-container\">\n\t\t\t\t\t<h2 class=\"elementor-heading-title elementor-size-default\">Encuentre un centro del estudio cerca de usted<\/h2>\t\t\t\t<\/div>\n\t\t\t\t<\/div>\n\t\t\t\t<div class=\"elementor-element elementor-element-20b6d90 elementor-widget elementor-widget-text-editor\" data-id=\"20b6d90\" data-element_type=\"widget\" data-e-type=\"widget\" data-widget_type=\"text-editor.default\">\n\t\t\t\t<div class=\"elementor-widget-container\">\n\t\t\t\t\t\t\t\t\tPara encontrar el centro del estudio m\u00e1s cercano, ingrese su c\u00f3digo postal.\t\t\t\t\t\t\t\t<\/div>\n\t\t\t\t<\/div>\n\t\t\t\t\t<\/div>\n\t\t\t\t<\/div>\n\t\t<div class=\"elementor-element elementor-element-683b9af e-flex e-con-boxed e-con e-child\" data-id=\"683b9af\" data-element_type=\"container\" data-e-type=\"container\">\n\t\t\t\t\t<div class=\"e-con-inner\">\n\t\t\t\t<div class=\"elementor-element elementor-element-fbac95e elementor-widget elementor-widget-shortcode\" data-id=\"fbac95e\" data-element_type=\"widget\" data-e-type=\"widget\" data-widget_type=\"shortcode.default\">\n\t\t\t\t<div class=\"elementor-widget-container\">\n\t\t\t\t\t\t\t<div class=\"elementor-shortcode\">\n <style>\r\n\t#wpsl-stores .wpsl-store-thumb {height:45px !important; width:45px !important;}\r\n\t#wpsl-stores, #wpsl-direction-details, #wpsl-gmap {height:650px !important;}\r\n\t#wpsl-gmap .wpsl-info-window {max-width:250px !important;}\r\n\t.wpsl-input label, #wpsl-radius label, #wpsl-category label {width:200px;}\r\n\t#wpsl-search-input  {width:200px;}\r\n<\/style>\r\n<div id=\"wpsl-wrap\">\r\n\t<div class=\"wpsl-search wpsl-clearfix wpsl-no-filters\">\r\n\t\t<div id=\"wpsl-search-wrap\">\r\n\t\t\t<form autocomplete=\"off\" action=\"\">\r\n\t\t\t<div class=\"wpsl-input\">\r\n\t\t\t\t<div><label for=\"wpsl-search-input\">C\u00f3digo postal<\/label><\/div>\r\n\t\t\t\t<input id=\"wpsl-search-input\" type=\"text\" value=\"\" name=\"wpsl-search-input\" placeholder=\"\" aria-required=\"true\" \/>\r\n\t\t\t<\/div>\r\n\t\t\t\t<div class=\"wpsl-search-btn-wrap\"><input id=\"wpsl-search-btn\" type=\"submit\" value=\"Buscar\"><\/div>\r\n\t\t<input type=\"hidden\" name=\"trp-form-language\" value=\"es-us\"\/><\/form>\r\n\t\t<\/div>\r\n\t<\/div>\r\n\t<div id=\"wpsl-gmap\" class=\"wpsl-gmap-canvas\"><\/div>\r\n\t<div id=\"wpsl-result-list\">\r\n\t\t<div id=\"wpsl-stores\" >\r\n\t\t\t<ul><\/ul>\r\n\t\t<\/div>\r\n\t\t<div id=\"wpsl-direction-details\">\r\n\t\t\t<ul><\/ul>\r\n\t\t<\/div>\r\n\t<\/div>\r\n<\/div>\r\n <\/div>\n\t\t\t\t\t\t<\/div>\n\t\t\t\t<\/div>\n\t\t\t\t\t<\/div>\n\t\t\t\t<\/div>\n\t\t\t\t\t<\/div>\n\t\t\t\t<\/div>\n\t\t\t\t<\/div>","protected":false},"excerpt":{"rendered":"<p>Am I eligible? If you wish to take part in the BrILliance clinical research study, fill in the pre-screening questionnaire below to see if you may be eligible.\u00a0You may be eligible if you:\u00a0 Are 18 years old or older\u202f\u00a0 Are able to provide an old sample of your tumor or a fresh biopsy sample (fresh [&hellip;]<\/p>\n","protected":false},"author":2,"featured_media":0,"parent":0,"menu_order":0,"comment_status":"closed","ping_status":"closed","template":"","meta":{"footnotes":""},"class_list":["post-21","page","type-page","status-publish","hentry"],"_links":{"self":[{"href":"http:\/\/brilliancestudy.com\/es-us\/wp-json\/wp\/v2\/pages\/21","targetHints":{"allow":["GET"]}}],"collection":[{"href":"http:\/\/brilliancestudy.com\/es-us\/wp-json\/wp\/v2\/pages"}],"about":[{"href":"http:\/\/brilliancestudy.com\/es-us\/wp-json\/wp\/v2\/types\/page"}],"author":[{"embeddable":true,"href":"http:\/\/brilliancestudy.com\/es-us\/wp-json\/wp\/v2\/users\/2"}],"replies":[{"embeddable":true,"href":"http:\/\/brilliancestudy.com\/es-us\/wp-json\/wp\/v2\/comments?post=21"}],"version-history":[{"count":0,"href":"http:\/\/brilliancestudy.com\/es-us\/wp-json\/wp\/v2\/pages\/21\/revisions"}],"wp:attachment":[{"href":"http:\/\/brilliancestudy.com\/es-us\/wp-json\/wp\/v2\/media?parent=21"}],"curies":[{"name":"wp","href":"https:\/\/api.w.org\/{rel}","templated":true}]}}