{"id":22,"date":"2024-06-06T18:04:56","date_gmt":"2024-06-06T18:04:56","guid":{"rendered":"https:\/\/brilliancestudy.com\/?page_id=22"},"modified":"2025-01-23T14:26:44","modified_gmt":"2025-01-23T14:26:44","slug":"hcp","status":"publish","type":"page","link":"http:\/\/brilliancestudy.com\/es-us\/hcp\/","title":{"rendered":"Para profesionales de la salud"},"content":{"rendered":"<div data-elementor-type=\"wp-page\" data-elementor-id=\"22\" class=\"elementor elementor-22\" data-elementor-post-type=\"page\">\n\t\t\t\t<div class=\"elementor-element elementor-element-8afc29f e-flex e-con-boxed e-con e-parent\" data-id=\"8afc29f\" data-element_type=\"container\" data-e-type=\"container\" data-settings=\"{&quot;background_background&quot;:&quot;classic&quot;}\">\n\t\t\t\t\t<div class=\"e-con-inner\">\n\t\t<div class=\"elementor-element elementor-element-1c1aceb e-flex e-con-boxed e-con e-child\" data-id=\"1c1aceb\" data-element_type=\"container\" data-e-type=\"container\">\n\t\t\t\t\t<div class=\"e-con-inner\">\n\t\t\t\t<div class=\"elementor-element elementor-element-f9db144 elementor-widget elementor-widget-heading\" data-id=\"f9db144\" data-element_type=\"widget\" data-e-type=\"widget\" data-widget_type=\"heading.default\">\n\t\t\t\t<div class=\"elementor-widget-container\">\n\t\t\t\t\t<h1 class=\"elementor-heading-title elementor-size-default\">\u00bfAtiende a pacientes con tumores s\u00f3lidos avanzados?<\/h1>\t\t\t\t<\/div>\n\t\t\t\t<\/div>\n\t\t\t\t<div class=\"elementor-element elementor-element-1e4687c elementor-widget__width-initial elementor-widget elementor-widget-text-editor\" data-id=\"1e4687c\" data-element_type=\"widget\" data-e-type=\"widget\" data-widget_type=\"text-editor.default\">\n\t\t\t\t<div class=\"elementor-widget-container\">\n\t\t\t\t\t\t\t\t\t<h3>Considere BrILliance\u00a0 <\/h3>\t\t\t\t\t\t\t\t<\/div>\n\t\t\t\t<\/div>\n\t\t\t\t<div class=\"elementor-element elementor-element-6edad58 elementor-mobile-align-center button-one elementor-widget elementor-widget-button\" data-id=\"6edad58\" data-element_type=\"widget\" data-e-type=\"widget\" data-widget_type=\"button.default\">\n\t\t\t\t<div class=\"elementor-widget-container\">\n\t\t\t\t\t\t\t\t\t<div class=\"elementor-button-wrapper\">\n\t\t\t\t\t<a class=\"elementor-button elementor-button-link elementor-size-sm\" href=\"https:\/\/clinicaltrials.gov\/study\/NCT06413680?term=r10597&#038;rank=1\" target=\"_blank\" rel=\"noopener\">\n\t\t\t\t\t\t<span class=\"elementor-button-content-wrapper\">\n\t\t\t\t\t\t\t\t\t<span class=\"elementor-button-text\">Clinicaltrials.gov<\/span>\n\t\t\t\t\t<\/span>\n\t\t\t\t\t<\/a>\n\t\t\t\t<\/div>\n\t\t\t\t\t\t\t\t<\/div>\n\t\t\t\t<\/div>\n\t\t\t\t<div class=\"elementor-element elementor-element-09cc1f6 button-two elementor-hidden-widescreen elementor-hidden-desktop elementor-hidden-laptop elementor-hidden-tablet_extra elementor-hidden-tablet elementor-hidden-mobile_extra elementor-hidden-mobile elementor-widget elementor-widget-button\" data-id=\"09cc1f6\" data-element_type=\"widget\" data-e-type=\"widget\" data-widget_type=\"button.default\">\n\t\t\t\t<div class=\"elementor-widget-container\">\n\t\t\t\t\t\t\t\t\t<div class=\"elementor-button-wrapper\">\n\t\t\t\t\t<a class=\"elementor-button elementor-button-link elementor-size-sm\" href=\"#\">\n\t\t\t\t\t\t<span class=\"elementor-button-content-wrapper\">\n\t\t\t\t\t\t\t\t\t<span class=\"elementor-button-text\">Clinicaltrialsregister.eu<\/span>\n\t\t\t\t\t<\/span>\n\t\t\t\t\t<\/a>\n\t\t\t\t<\/div>\n\t\t\t\t\t\t\t\t<\/div>\n\t\t\t\t<\/div>\n\t\t\t\t\t<\/div>\n\t\t\t\t<\/div>\n\t\t<div class=\"elementor-element elementor-element-26eb911 e-flex e-con-boxed e-con e-child\" data-id=\"26eb911\" data-element_type=\"container\" data-e-type=\"container\">\n\t\t\t\t\t<div class=\"e-con-inner\">\n\t\t\t\t<div class=\"elementor-element elementor-element-282e4e4 elementor-widget elementor-widget-image\" data-id=\"282e4e4\" data-element_type=\"widget\" data-e-type=\"widget\" data-widget_type=\"image.default\">\n\t\t\t\t<div class=\"elementor-widget-container\">\n\t\t\t\t\t\t\t\t\t\t\t\t\t\t\t<img fetchpriority=\"high\" decoding=\"async\" width=\"631\" height=\"549\" src=\"https:\/\/brilliancestudy.com\/wp-content\/uploads\/2025\/01\/Object-RGB_02-1.png\" class=\"attachment-full size-full wp-image-219\" alt=\"\" srcset=\"https:\/\/brilliancestudy.com\/wp-content\/uploads\/2025\/01\/Object-RGB_02-1.png 631w, https:\/\/brilliancestudy.com\/wp-content\/uploads\/2025\/01\/Object-RGB_02-1-300x261.png 300w, https:\/\/brilliancestudy.com\/wp-content\/uploads\/2025\/01\/Object-RGB_02-1-14x12.png 14w\" sizes=\"(max-width: 631px) 100vw, 631px\" \/>\t\t\t\t\t\t\t\t\t\t\t\t\t\t\t<\/div>\n\t\t\t\t<\/div>\n\t\t\t\t\t<\/div>\n\t\t\t\t<\/div>\n\t\t\t\t\t<\/div>\n\t\t\t\t<\/div>\n\t\t<div class=\"elementor-element elementor-element-ce474a4 e-flex e-con-boxed e-con e-parent\" data-id=\"ce474a4\" data-element_type=\"container\" data-e-type=\"container\">\n\t\t\t\t\t<div class=\"e-con-inner\">\n\t\t<div class=\"elementor-element elementor-element-679f051 e-flex e-con-boxed e-con e-child\" data-id=\"679f051\" data-element_type=\"container\" data-e-type=\"container\">\n\t\t\t\t\t<div class=\"e-con-inner\">\n\t\t\t\t<div class=\"elementor-element elementor-element-fea662c elementor-widget elementor-widget-text-editor\" data-id=\"fea662c\" data-element_type=\"widget\" data-e-type=\"widget\" data-widget_type=\"text-editor.default\">\n\t\t\t\t<div class=\"elementor-widget-container\">\n\t\t\t\t\t\t\t\t\tDadas las pocas opciones de tratamiento para tumores s\u00f3lidos avanzados, el estudio cl\u00ednico BrILliance se realiza para investigar posibles tratamientos. Considere BrILliance como una oportunidad para que sus pacientes con determinados tumores s\u00f3lidos en una etapa avanzada tengan acceso a tratamientos de investigaci\u00f3n.\u00a0\t\t\t\t\t\t\t\t<\/div>\n\t\t\t\t<\/div>\n\t\t\t\t<div class=\"elementor-element elementor-element-03408f0 elementor-widget elementor-widget-text-editor\" data-id=\"03408f0\" data-element_type=\"widget\" data-e-type=\"widget\" data-widget_type=\"text-editor.default\">\n\t\t\t\t<div class=\"elementor-widget-container\">\n\t\t\t\t\t\t\t\t\tBrILliance es un estudio cl\u00ednico de fase 1\/2 para pacientes con determinados tumores s\u00f3lidos en etapa avanzada. Este es un primer estudio en humanos que eval\u00faa la seguridad, la tolerabilidad y la eficacia de un medicamento del estudio. El estudio consta de 2\u202ffases: una fase de aumento escalonado de la dosis (Fase\u202f1) y una fase de expansi\u00f3n de la dosis (Fase\u202f2).\t\t\t\t\t\t\t\t<\/div>\n\t\t\t\t<\/div>\n\t\t\t\t\t<\/div>\n\t\t\t\t<\/div>\n\t\t\t\t\t<\/div>\n\t\t\t\t<\/div>\n\t\t<div class=\"elementor-element elementor-element-673a071 e-flex e-con-boxed e-con e-parent\" data-id=\"673a071\" data-element_type=\"container\" data-e-type=\"container\">\n\t\t\t\t\t<div class=\"e-con-inner\">\n\t\t<div class=\"elementor-element elementor-element-ea4b506 e-con-full seeking-options e-flex e-con e-child\" data-id=\"ea4b506\" data-element_type=\"container\" data-e-type=\"container\">\n\t\t<div class=\"elementor-element elementor-element-ec35fd7 e-con-full e-flex e-con e-child\" data-id=\"ec35fd7\" data-element_type=\"container\" data-e-type=\"container\">\n\t\t\t\t<div class=\"elementor-element elementor-element-f44969e elementor-widget elementor-widget-image\" data-id=\"f44969e\" data-element_type=\"widget\" data-e-type=\"widget\" data-widget_type=\"image.default\">\n\t\t\t\t<div class=\"elementor-widget-container\">\n\t\t\t\t\t\t\t\t\t\t\t\t\t\t\t<img decoding=\"async\" width=\"105\" height=\"105\" src=\"https:\/\/brilliancestudy.com\/wp-content\/uploads\/2025\/01\/Group-24-1.svg\" class=\"attachment-full size-full wp-image-220\" alt=\"\" \/>\t\t\t\t\t\t\t\t\t\t\t\t\t\t\t<\/div>\n\t\t\t\t<\/div>\n\t\t\t\t<\/div>\n\t\t<div class=\"elementor-element elementor-element-f30797d e-con-full e-flex e-con e-child\" data-id=\"f30797d\" data-element_type=\"container\" data-e-type=\"container\">\n\t\t\t\t<div class=\"elementor-element elementor-element-d4736da elementor-widget elementor-widget-text-editor\" data-id=\"d4736da\" data-element_type=\"widget\" data-e-type=\"widget\" data-widget_type=\"text-editor.default\">\n\t\t\t\t<div class=\"elementor-widget-container\">\n\t\t\t\t\t\t\t\t\tEl medicamento del estudio se administra como una infusi\u00f3n I.V. una vez cada dos semanas, pero el cronograma de dosificaci\u00f3n puede cambiar a una vez por semana o una vez cada tres semanas, en funci\u00f3n de la respuesta del paciente al medicamento del estudio. El medicamento del estudio es una prote\u00edna de fusi\u00f3n anticuerpo-citocina que act\u00faa mediante el bloqueo de PD-1, una prote\u00edna de punto de control en las c\u00e9lulas T que evita que destruyan otras c\u00e9lulas, y mediante la activaci\u00f3n de IL2, una citocina que puede desencadenar respuestas inmunitarias. Se espera que el bloqueo simult\u00e1neo de PD-1 y la activaci\u00f3n de las c\u00e9lulas T a trav\u00e9s de IL2 ayuden a las c\u00e9lulas inmunitarias a atacar las c\u00e9lulas cancer\u00edgenas.\u202f\t\t\t\t\t\t\t\t<\/div>\n\t\t\t\t<\/div>\n\t\t\t\t<\/div>\n\t\t\t\t<\/div>\n\t\t\t\t<div class=\"elementor-element elementor-element-b82aa83 elementor-widget elementor-widget-text-editor\" data-id=\"b82aa83\" data-element_type=\"widget\" data-e-type=\"widget\" data-widget_type=\"text-editor.default\">\n\t\t\t\t<div class=\"elementor-widget-container\">\n\t\t\t\t\t\t\t\t\tSe espera que los pacientes participen en este estudio durante el tiempo que toleren bien el medicamento del estudio y obtengan beneficios. Los participantes que cumplan con los requisitos recibir\u00e1n un reembolso por los viajes de ida y vuelta a las visitas de estudio (combustible y boletos de autob\u00fas\/tren), as\u00ed como los costos de alimentaci\u00f3n.\u00a0\t\t\t\t\t\t\t\t<\/div>\n\t\t\t\t<\/div>\n\t\t\t\t<div class=\"elementor-element elementor-element-b00ac73 elementor-widget elementor-widget-button\" data-id=\"b00ac73\" data-element_type=\"widget\" data-e-type=\"widget\" data-widget_type=\"button.default\">\n\t\t\t\t<div class=\"elementor-widget-container\">\n\t\t\t\t\t\t\t\t\t<div class=\"elementor-button-wrapper\">\n\t\t\t\t\t<a class=\"elementor-button elementor-button-link elementor-size-sm\" href=\"\/es-us\/about-brilliance\/\">\n\t\t\t\t\t\t<span class=\"elementor-button-content-wrapper\">\n\t\t\t\t\t\t\t\t\t<span class=\"elementor-button-text\">Acerca de BrILliance<\/span>\n\t\t\t\t\t<\/span>\n\t\t\t\t\t<\/a>\n\t\t\t\t<\/div>\n\t\t\t\t\t\t\t\t<\/div>\n\t\t\t\t<\/div>\n\t\t\t\t\t<\/div>\n\t\t\t\t<\/div>\n\t\t<div class=\"elementor-element elementor-element-2cfe83d e-flex e-con-boxed e-con e-parent\" data-id=\"2cfe83d\" data-element_type=\"container\" data-e-type=\"container\">\n\t\t\t\t\t<div class=\"e-con-inner\">\n\t\t<div class=\"elementor-element elementor-element-e21433a e-flex e-con-boxed e-con e-child\" data-id=\"e21433a\" data-element_type=\"container\" data-e-type=\"container\">\n\t\t\t\t\t<div class=\"e-con-inner\">\n\t\t\t\t<div class=\"elementor-element elementor-element-71d4e74 elementor-widget elementor-widget-heading\" data-id=\"71d4e74\" data-element_type=\"widget\" data-e-type=\"widget\" data-widget_type=\"heading.default\">\n\t\t\t\t<div class=\"elementor-widget-container\">\n\t\t\t\t\t<h2 class=\"elementor-heading-title elementor-size-default\">\u00bfC\u00f3mo puede ayudar?<\/h2>\t\t\t\t<\/div>\n\t\t\t\t<\/div>\n\t\t\t\t<div class=\"elementor-element elementor-element-b010578 elementor-widget elementor-widget-text-editor\" data-id=\"b010578\" data-element_type=\"widget\" data-e-type=\"widget\" data-widget_type=\"text-editor.default\">\n\t\t\t\t<div class=\"elementor-widget-container\">\n\t\t\t\t\t\t\t\t\tBrILliance inscribir\u00e1 a aproximadamente 150\u202fpersonas con tumores s\u00f3lidos avanzados en EE.\u202fUU. y en todo el mundo. El \u00e9xito de BrILliance depende de que los m\u00e9dicos deriven posibles participantes al estudio. Sus pacientes pueden ser elegibles si cumplen con las siguientes condiciones:\t\t\t\t\t\t\t\t<\/div>\n\t\t\t\t<\/div>\n\t\t<div class=\"elementor-element elementor-element-c4f64c8 e-con-full seeking-options e-flex e-con e-child\" data-id=\"c4f64c8\" data-element_type=\"container\" data-e-type=\"container\">\n\t\t<div class=\"elementor-element elementor-element-758c8dd e-con-full e-flex e-con e-child\" data-id=\"758c8dd\" data-element_type=\"container\" data-e-type=\"container\">\n\t\t\t\t<div class=\"elementor-element elementor-element-bd2ee01 elementor-widget elementor-widget-image\" data-id=\"bd2ee01\" data-element_type=\"widget\" data-e-type=\"widget\" data-widget_type=\"image.default\">\n\t\t\t\t<div class=\"elementor-widget-container\">\n\t\t\t\t\t\t\t\t\t\t\t\t\t\t\t<img decoding=\"async\" width=\"76\" height=\"76\" src=\"https:\/\/brilliancestudy.com\/wp-content\/uploads\/2025\/01\/Group-26.svg\" class=\"attachment-full size-full wp-image-221\" alt=\"\" \/>\t\t\t\t\t\t\t\t\t\t\t\t\t\t\t<\/div>\n\t\t\t\t<\/div>\n\t\t\t\t<\/div>\n\t\t<div class=\"elementor-element elementor-element-cd611c0 e-con-full e-flex e-con e-child\" data-id=\"cd611c0\" data-element_type=\"container\" data-e-type=\"container\">\n\t\t\t\t<div class=\"elementor-element elementor-element-4df85f9 elementor-icon-list--layout-traditional elementor-list-item-link-full_width elementor-widget elementor-widget-icon-list\" data-id=\"4df85f9\" data-element_type=\"widget\" data-e-type=\"widget\" data-widget_type=\"icon-list.default\">\n\t\t\t\t<div class=\"elementor-widget-container\">\n\t\t\t\t\t\t\t<ul class=\"elementor-icon-list-items\">\n\t\t\t\t\t\t\t<li class=\"elementor-icon-list-item\">\n\t\t\t\t\t\t\t\t\t\t\t<span class=\"elementor-icon-list-icon\">\n\t\t\t\t\t\t\t<svg aria-hidden=\"true\" class=\"e-font-icon-svg e-fas-circle\" viewbox=\"0 0 512 512\" xmlns=\"http:\/\/www.w3.org\/2000\/svg\"><path d=\"M256 8C119 8 8 119 8 256s111 248 248 248 248-111 248-248S393 8 256 8z\"><\/path><\/svg>\t\t\t\t\t\t<\/span>\n\t\t\t\t\t\t\t\t\t\t<span class=\"elementor-icon-list-text\">Tienen 18\u202fa\u00f1os o m\u00e1s al momento de la selecci\u00f3n\u202f\u202f\u00a0<\/span>\n\t\t\t\t\t\t\t\t\t<\/li>\n\t\t\t\t\t\t\t\t<li class=\"elementor-icon-list-item\">\n\t\t\t\t\t\t\t\t\t\t\t<span class=\"elementor-icon-list-icon\">\n\t\t\t\t\t\t\t<svg aria-hidden=\"true\" class=\"e-font-icon-svg e-fas-circle\" viewbox=\"0 0 512 512\" xmlns=\"http:\/\/www.w3.org\/2000\/svg\"><path d=\"M256 8C119 8 8 119 8 256s111 248 248 248 248-111 248-248S393 8 256 8z\"><\/path><\/svg>\t\t\t\t\t\t<\/span>\n\t\t\t\t\t\t\t\t\t\t<span class=\"elementor-icon-list-text\">Son capaces de enviar tejido para archivo con biopsia reciente optativa (se requiere muestra de biopsia reciente para la expansi\u00f3n de la dosis de la Fase\u202f2)\u202f\u202f\u00a0<\/span>\n\t\t\t\t\t\t\t\t\t<\/li>\n\t\t\t\t\t\t\t\t<li class=\"elementor-icon-list-item\">\n\t\t\t\t\t\t\t\t\t\t\t<span class=\"elementor-icon-list-icon\">\n\t\t\t\t\t\t\t<svg aria-hidden=\"true\" class=\"e-font-icon-svg e-fas-circle\" viewbox=\"0 0 512 512\" xmlns=\"http:\/\/www.w3.org\/2000\/svg\"><path d=\"M256 8C119 8 8 119 8 256s111 248 248 248 248-111 248-248S393 8 256 8z\"><\/path><\/svg>\t\t\t\t\t\t<\/span>\n\t\t\t\t\t\t\t\t\t\t<span class=\"elementor-icon-list-text\">Tienen un diagn\u00f3stico confirmado histol\u00f3gica o citol\u00f3gicamente de neoplasia maligna (localmente avanzada o metast\u00e1sica) con progresi\u00f3n confirmada durante el tratamiento est\u00e1ndar para la fase de aumento escalonado de la dosis\u202f\u00a0<\/span>\n\t\t\t\t\t\t\t\t\t<\/li>\n\t\t\t\t\t\t\t\t<li class=\"elementor-icon-list-item\">\n\t\t\t\t\t\t\t\t\t\t\t<span class=\"elementor-icon-list-icon\">\n\t\t\t\t\t\t\t<svg aria-hidden=\"true\" class=\"e-font-icon-svg e-fas-circle\" viewbox=\"0 0 512 512\" xmlns=\"http:\/\/www.w3.org\/2000\/svg\"><path d=\"M256 8C119 8 8 119 8 256s111 248 248 248 248-111 248-248S393 8 256 8z\"><\/path><\/svg>\t\t\t\t\t\t<\/span>\n\t\t\t\t\t\t\t\t\t\t<span class=\"elementor-icon-list-text\">Tienen un estado funcional en la escala ECOG de 0 o 1\u202f\u00a0<\/span>\n\t\t\t\t\t\t\t\t\t<\/li>\n\t\t\t\t\t\t<\/ul>\n\t\t\t\t\t\t<\/div>\n\t\t\t\t<\/div>\n\t\t\t\t<\/div>\n\t\t\t\t<\/div>\n\t\t\t\t\t<\/div>\n\t\t\t\t<\/div>\n\t\t<div class=\"elementor-element elementor-element-f5861fc e-flex e-con-boxed e-con e-child\" data-id=\"f5861fc\" data-element_type=\"container\" data-e-type=\"container\">\n\t\t\t\t\t<div class=\"e-con-inner\">\n\t\t<div class=\"elementor-element elementor-element-d8a3b4f e-flex e-con-boxed e-con e-child\" data-id=\"d8a3b4f\" data-element_type=\"container\" data-e-type=\"container\">\n\t\t\t\t\t<div class=\"e-con-inner\">\n\t\t\t\t<div class=\"elementor-element elementor-element-3d53afa elementor-widget elementor-widget-text-editor\" data-id=\"3d53afa\" data-element_type=\"widget\" data-e-type=\"widget\" data-widget_type=\"text-editor.default\">\n\t\t\t\t<div class=\"elementor-widget-container\">\n\t\t\t\t\t\t\t\t\t<p><strong>Tenga en cuenta lo siguiente:<\/strong> Hay otros criterios de inclusi\u00f3n\/exclusi\u00f3n definidos en el protocolo.\u202f\u202f<\/p>\t\t\t\t\t\t\t\t<\/div>\n\t\t\t\t<\/div>\n\t\t<div class=\"elementor-element elementor-element-d57e2a0 e-con-full e-flex e-con e-child\" data-id=\"d57e2a0\" data-element_type=\"container\" data-e-type=\"container\">\n\t\t<div class=\"elementor-element elementor-element-24d3bc2 e-con-full e-flex e-con e-child\" data-id=\"24d3bc2\" data-element_type=\"container\" data-e-type=\"container\">\n\t\t\t\t<div class=\"elementor-element elementor-element-3ec81f9 elementor-widget elementor-widget-image\" data-id=\"3ec81f9\" data-element_type=\"widget\" data-e-type=\"widget\" data-widget_type=\"image.default\">\n\t\t\t\t<div class=\"elementor-widget-container\">\n\t\t\t\t\t\t\t\t\t\t\t\t\t\t\t<img loading=\"lazy\" decoding=\"async\" width=\"74\" height=\"82\" src=\"https:\/\/brilliancestudy.com\/wp-content\/uploads\/2025\/01\/Group-27.svg\" class=\"attachment-full size-full wp-image-224\" alt=\"\" \/>\t\t\t\t\t\t\t\t\t\t\t\t\t\t\t<\/div>\n\t\t\t\t<\/div>\n\t\t\t\t<\/div>\n\t\t<div class=\"elementor-element elementor-element-944e2d1 e-con-full e-flex e-con e-child\" data-id=\"944e2d1\" data-element_type=\"container\" data-e-type=\"container\">\n\t\t\t\t<div class=\"elementor-element elementor-element-cc4e198 elementor-widget elementor-widget-text-editor\" data-id=\"cc4e198\" data-element_type=\"widget\" data-e-type=\"widget\" data-widget_type=\"text-editor.default\">\n\t\t\t\t<div class=\"elementor-widget-container\">\n\t\t\t\t\t\t\t\t\tEl equipo del estudio revisar\u00e1 los antecedentes m\u00e9dicos completos de su paciente para determinar si cumple con todos los criterios de inclusi\u00f3n y con ninguno de los criterios de exclusi\u00f3n. La diversidad en estudios cl\u00ednicos es fundamental para el desarrollo de mejores tratamientos: ayude a garantizar que sus pacientes est\u00e9n representados.\u00a0\t\t\t\t\t\t\t\t<\/div>\n\t\t\t\t<\/div>\n\t\t\t\t<\/div>\n\t\t\t\t<\/div>\n\t\t\t\t<div class=\"elementor-element elementor-element-5079805 elementor-widget elementor-widget-text-editor\" data-id=\"5079805\" data-element_type=\"widget\" data-e-type=\"widget\" data-widget_type=\"text-editor.default\">\n\t\t\t\t<div class=\"elementor-widget-container\">\n\t\t\t\t\t\t\t\t\tSi tiene pacientes potencialmente elegibles e interesados, ofr\u00e9zcales opciones y converse con ellos sobre BrILliance. Tambi\u00e9n puede comunicarse con el centro del estudio m\u00e1s cercano para derivarlos.\u00a0\t\t\t\t\t\t\t\t<\/div>\n\t\t\t\t<\/div>\n\t\t\t\t\t<\/div>\n\t\t\t\t<\/div>\n\t\t\t\t\t<\/div>\n\t\t\t\t<\/div>\n\t\t\t\t\t<\/div>\n\t\t\t\t<\/div>\n\t\t<div class=\"elementor-element elementor-element-e28297e home-last-section e-flex e-con-boxed e-con e-parent\" data-id=\"e28297e\" data-element_type=\"container\" data-e-type=\"container\" data-settings=\"{&quot;background_background&quot;:&quot;classic&quot;}\">\n\t\t\t\t\t<div class=\"e-con-inner\">\n\t\t<div class=\"elementor-element elementor-element-cfb6d42 e-con-full e-flex e-con e-child\" data-id=\"cfb6d42\" data-element_type=\"container\" data-e-type=\"container\">\n\t\t\t\t<div class=\"elementor-element elementor-element-5be096e elementor-widget__width-initial elementor-widget elementor-widget-heading\" data-id=\"5be096e\" data-element_type=\"widget\" data-e-type=\"widget\" data-widget_type=\"heading.default\">\n\t\t\t\t<div class=\"elementor-widget-container\">\n\t\t\t\t\t<h2 class=\"elementor-heading-title elementor-size-default\">\u00a1Encuentre un centro del estudio cerca de usted! <\/h2>\t\t\t\t<\/div>\n\t\t\t\t<\/div>\n\t\t\t\t<\/div>\n\t\t<div class=\"elementor-element elementor-element-5d151f9 e-con-full e-flex e-con e-child\" data-id=\"5d151f9\" data-element_type=\"container\" data-e-type=\"container\">\n\t\t\t\t<div class=\"elementor-element elementor-element-d48539a button-four elementor-widget elementor-widget-button\" data-id=\"d48539a\" data-element_type=\"widget\" data-e-type=\"widget\" data-widget_type=\"button.default\">\n\t\t\t\t<div class=\"elementor-widget-container\">\n\t\t\t\t\t\t\t\t\t<div class=\"elementor-button-wrapper\">\n\t\t\t\t\t<a class=\"elementor-button elementor-button-link elementor-size-sm\" href=\"\/es-us\/am-i-eligible\/#sitefinder\">\n\t\t\t\t\t\t<span class=\"elementor-button-content-wrapper\">\n\t\t\t\t\t\t\t\t\t<span class=\"elementor-button-text\">Buscador de Centros<\/span>\n\t\t\t\t\t<\/span>\n\t\t\t\t\t<\/a>\n\t\t\t\t<\/div>\n\t\t\t\t\t\t\t\t<\/div>\n\t\t\t\t<\/div>\n\t\t\t\t<\/div>\n\t\t\t\t\t<\/div>\n\t\t\t\t<\/div>\n\t\t<div class=\"elementor-element elementor-element-6ada0e4 e-flex e-con-boxed e-con e-parent\" data-id=\"6ada0e4\" data-element_type=\"container\" data-e-type=\"container\">\n\t\t\t\t\t<div class=\"e-con-inner\">\n\t\t\t\t<div class=\"elementor-element elementor-element-4906787 elementor-widget__width-initial elementor-widget elementor-widget-text-editor\" data-id=\"4906787\" data-element_type=\"widget\" data-e-type=\"widget\" data-widget_type=\"text-editor.default\">\n\t\t\t\t<div class=\"elementor-widget-container\">\n\t\t\t\t\t\t\t\t\tLa salud y la seguridad de su paciente son nuestras principales prioridades. Esperamos que valore el impacto de esta investigaci\u00f3n y considere derivar posibles candidatos. Con su apoyo, esperamos ayudar a los pacientes con tumores s\u00f3lidos avanzados.\u00a0\u00a0\t\t\t\t\t\t\t\t<\/div>\n\t\t\t\t<\/div>\n\t\t\t\t\t<\/div>\n\t\t\t\t<\/div>\n\t\t\t\t<\/div>","protected":false},"excerpt":{"rendered":"<p>Caring for patients with advanced solid tumors? Consider BrILliance\u00a0 Clinicaltrials.gov Clinicaltrialsregister.eu With limited treatment options for advanced solid tumors, the BrILliance clinical research study is currently underway to investigate potential treatments. Consider BrILliance as an opportunity for your patients with certain solid tumors at an advanced stage to access investigational treatments.\u00a0BrILliance is a phase 1\/2 [&hellip;]<\/p>\n","protected":false},"author":2,"featured_media":0,"parent":0,"menu_order":0,"comment_status":"closed","ping_status":"closed","template":"","meta":{"footnotes":""},"class_list":["post-22","page","type-page","status-publish","hentry"],"_links":{"self":[{"href":"http:\/\/brilliancestudy.com\/es-us\/wp-json\/wp\/v2\/pages\/22","targetHints":{"allow":["GET"]}}],"collection":[{"href":"http:\/\/brilliancestudy.com\/es-us\/wp-json\/wp\/v2\/pages"}],"about":[{"href":"http:\/\/brilliancestudy.com\/es-us\/wp-json\/wp\/v2\/types\/page"}],"author":[{"embeddable":true,"href":"http:\/\/brilliancestudy.com\/es-us\/wp-json\/wp\/v2\/users\/2"}],"replies":[{"embeddable":true,"href":"http:\/\/brilliancestudy.com\/es-us\/wp-json\/wp\/v2\/comments?post=22"}],"version-history":[{"count":0,"href":"http:\/\/brilliancestudy.com\/es-us\/wp-json\/wp\/v2\/pages\/22\/revisions"}],"wp:attachment":[{"href":"http:\/\/brilliancestudy.com\/es-us\/wp-json\/wp\/v2\/media?parent=22"}],"curies":[{"name":"wp","href":"https:\/\/api.w.org\/{rel}","templated":true}]}}